{"id":298,"date":"2019-09-05T14:16:40","date_gmt":"2019-09-05T14:16:40","guid":{"rendered":"https:\/\/vademecumaml.abbl.lu\/?page_id=298"},"modified":"2021-06-14T08:13:03","modified_gmt":"2021-06-14T08:13:03","slug":"chapitre-5-obligations-simplifiees-de-vigilance-a-legard-de-la-clientele","status":"publish","type":"page","link":"https:\/\/vademecumaml.abbl.lu\/fr\/chapitre-5-obligations-simplifiees-de-vigilance-a-legard-de-la-clientele\/","title":{"rendered":"OBLIGATIONS SIMPLIFI\u00c9ES DE VIGILANCE A L\u2019EGARD DE LA CLIENT\u00c8LE"},"content":{"rendered":"<a id=\"section-1\" class=\" href-link \" style=\"\"><\/a>\n<h2><b>Section\u00a01 : le risque de blanchiment moins \u00e9lev\u00e9 tel que vis\u00e9 par la Loi\u00a0<\/b><\/h2>\n<p>\u00ab\u00a0Lorsque les professionnels identifient un risque de blanchiment et de financement du terrorisme moins \u00e9lev\u00e9, ils peuvent appliquer des mesures simplifi\u00e9es de vigilance \u00e0 l\u2019\u00e9gard de la client\u00e8le.\u00bb<\/p>\n<div class=\"bookmark clearfix alt\"><a href=\"https:\/\/www.cssf.lu\/fr\/Document\/loi-du-12-novembre-2004\/\" target=\"_blank\"><div class=\"box\"><img src=\"https:\/\/vademecumaml.abbl.lu\/wp-content\/themes\/abbl\/images\/luxembourg-flag.svg\"><div class=\"text\"><p>Art. 3-1 de la Loi<b><\/b><\/p><\/div><\/div><\/a><\/div>\n<h3><a id=\"section-1.1\" class=\" href-link \" style=\"\"><\/a><\/h3>\n<h3>1.1 Situation de risque moins \u00e9lev\u00e9<\/h3>\n<p>Lorsqu\u2019ils \u00e9valuent les risques de blanchiment et de financement du terrorisme li\u00e9s \u00e0 certains types de clients, de zones g\u00e9ographiques et \u00e0 des produits, services, transactions ou canaux de distribution particuliers, les professionnels tiennent compte au minimum des facteurs de <b>situations de risque potentiellement moins \u00e9lev\u00e9 \u00e9nonc\u00e9s <\/b><a href=\"https:\/\/vademecumaml.abbl.lu\/wp-content\/uploads\/2019\/10\/L_121104_AML_upd100818_eng.pdf\" target=\"_blank\" rel=\"noopener noreferrer\"><b>\u00e0 l\u2019annexe III<\/b> (de la Loi\u00a0)<\/a> \u00bb<\/p>\n<div class=\"bookmark clearfix\"><a href=\"http:\/\/www.fatf-gafi.org\/fr\/publications\/recommandationsgafi\/?hf=10&amp;b=0&amp;s=desc(fatf_releasedate)\" target=\"_blank\"><div class=\"box\"><img class=\"injectable\" src=\"https:\/\/vademecumaml.abbl.lu\/wp-content\/themes\/abbl\/images\/bookmark-img1.svg\"><div class=\"text\"><p>Voir aussi point 21 de la note interpr\u00e9tative de la Recommandation n\u00b010\u00a0 du GAFI<\/p>\n<p>\u00ab Mesures de vigilance simplifi\u00e9es \u00bb<\/p><\/div><\/div><\/a><\/div>\n<p>L\u2019application de mesures de vigilance simplifi\u00e9es doit \u00eatre bas\u00e9e sur une \u00e9valuation des risques attestant d\u2019un risque faible.<\/p>\n<p>Les facteurs de risque repris dans l\u2019annexe ont d\u00e9j\u00e0 \u00e9t\u00e9 mentionn\u00e9s <a href=\"https:\/\/docs.google.com\/document\/d\/1HkNHBUm-Ukz5KiF_Jn8PYbGUz5_eib_BY8LGa2qYb-E\/edit#bookmark=id.111kx3o\">supra (client\/produit\/pays),<\/a> <b>le professionnel retiendra notamment un risque faible :<\/b><\/p>\n<p><b>&#8211; (i) g\u00e9ographique\u00a0:<\/b> si situation\/crit\u00e8res impliquent des \u00c9tats membres, un client originaire d\u2019un \u00c9tat membre, pays tiers pr\u00e9sentant un faible risque de corruption\/ des syst\u00e8mes efficaces LBC\/FT.<\/p>\n<p>&#8211; <b>(ii) produits\/services\/transactions\/canaux de distribution\u00a0:\u00a0<\/b><\/p>\n<p>Une liste non exhaustive comprenant par exemple\u00a0: les polices d\u2019assurance vie \u00e0 prime faible, contrats d\u2019assurance retraite sans clause de rachat anticip\u00e9, les r\u00e9gimes de retraite en faveur des salari\u00e9s, produits ou services financiers utilis\u00e9s \u00e0 des fins d\u2019inclusions, produits pr\u00e9sentant un risque fable de blanchiment ou financement du terrorisme qui sont contr\u00f4l\u00e9s par d\u2019autres facteurs tels que des limites ou la transparence en mati\u00e8re de propri\u00e9t\u00e9.<\/p>\n<p><b>&#8211; (iii) clients\u00a0:<\/b> soci\u00e9t\u00e9s cot\u00e9es sur un march\u00e9 r\u00e9glement\u00e9 et soumises \u00e0 des obligations d\u2019information (en ce inclus une transparence des b\u00e9n\u00e9ficiaires effectifs), administrations\/entreprises publiques, crit\u00e8res de r\u00e9sidence.<\/p>\n<p>&nbsp;<\/p>\n<p>Quant \u00e0 la monnaie \u00e9lectronique :<\/p>\n<p>\u00ab\u00a0(\u2026) sur la base d\u2019une \u00e9valuation des risques appropri\u00e9e attestant de la faiblesse du risque, les professionnels sont autoris\u00e9s \u00e0 ne pas appliquer certaines mesures de vigilance \u00e0 l\u2019\u00e9gard de <b>la client\u00e8le pour la monnaie \u00e9lectronique<\/b> si toutes les conditions d\u2019att\u00e9nuation du risque suivantes sont remplies\u00a0:<\/p>\n<div class=\"bookmark clearfix alt\"><a href=\"https:\/\/www.cssf.lu\/fr\/Document\/loi-du-12-novembre-2004\/\" target=\"_blank\"><div class=\"box\"><img src=\"https:\/\/vademecumaml.abbl.lu\/wp-content\/themes\/abbl\/images\/luxembourg-flag.svg\"><div class=\"text\"><p>Art. 3-1, para. (4) de la Loi<\/p>\n<p><b><\/b><\/p><\/div><\/div><\/a><\/div>\n<div class=\"bookmark clearfix\"><a href=\"https:\/\/eur-lex.europa.eu\/legal-content\/FR\/ALL\/?uri=CELEX%3A32018L0843\" target=\"_blank\"><div class=\"box\"><img class=\"injectable\" src=\"https:\/\/vademecumaml.abbl.lu\/wp-content\/themes\/abbl\/images\/bookmark-img1.svg\"><div class=\"text\"><p>La 5\u00e8me Directive anti-blanchiment modifie la limite maximale mensuelle de recharge ou d\u2019op\u00e9ration de paiement \u00e0 150 euros<\/p>\n<p><\/p><\/div><\/div><\/a><\/div>\n<p>a) il n\u2019est pas possible de recharger l\u2019instrument de paiement, ou l\u2019instrument est assorti d\u2019une limite maximale mensuelle de <strong>1<\/strong><b>50 euros<\/b> pour les op\u00e9rations de paiement utilisable uniquement au Luxembourg ;<\/p>\n<p>b) le montant maximal stock\u00e9 sur un support \u00e9lectronique n\u2019exc\u00e8de pas <strong>1<\/strong><b>50 <\/b><b>euros<\/b>.<\/p>\n<p>c) l\u2019instrument de paiement est utilis\u00e9 exclusivement pour l\u2019achat de biens ou de services\u00a0;<\/p>\n<p>d) l\u2019instrument de paiement ne peut \u00eatre cr\u00e9dit\u00e9 au moyen de monnaie \u00e9lectronique anonyme<\/p>\n<p>e) l\u2019\u00e9metteur exerce un contr\u00f4le suffisant des transactions ou de la relation d\u2019affaires pour \u00eatre en mesure de d\u00e9tecter toute transaction inhabituelle ou suspecte.<\/p>\n<p>La d\u00e9rogation pr\u00e9vue \u00e0 l\u2019alin\u00e9a 1er n\u2019est pas applicable en cas de remboursement en esp\u00e8ces ou de retrait d\u2019esp\u00e8ces de la valeur mon\u00e9taire de la monnaie \u00e9lectronique lorsque le montant rembours\u00e9 est sup\u00e9rieur \u00e0 <b>50 euros\u00a0ou en cas d\u2019op\u00e9rations de paiement \u00e0 distance au sens de l\u2019article 4, point 6), de la directive (UE) 2015\/2366 (\u2026) lorsque le montant pay\u00e9 est sup\u00e9rieur \u00e0 50 euros par transaction<strong> \u00bb<\/strong>.<\/b><\/p>\n<p><strong>\u00ab\u00a0<\/strong>Les \u00e9tablissements de cr\u00e9dit et les \u00e9tablissements financiers agissant comme acqu\u00e9reurs acceptent uniquement les paiements effectu\u00e9s au moyen de cartes pr\u00e9pay\u00e9es anonymes \u00e9mises dans des pays tiers o\u00f9 de telles cartes r\u00e9pondent \u00e0 des exigences \u00e9quivalentes \u00e0 celles \u00e9nonc\u00e9es aux alin\u00e9as 1ers et 2\u00a0\u00bb.<\/p>\n<p>\u00ab En pr\u00e9sence d\u2019informations donnant \u00e0 penser que le degr\u00e9 de risque n\u2019est pas moins \u00e9lev\u00e9, ou d\u00e8s lors qu\u2019il y a soup\u00e7on de blanchiment ou de financement du terrorisme ou lorsqu\u2019il y a doute concernant la v\u00e9racit\u00e9 ou la pertinence de donn\u00e9es pr\u00e9c\u00e9demment obtenues ou dans des cas sp\u00e9cifiques de risques plus \u00e9lev\u00e9s, l\u2019application du pr\u00e9sent r\u00e9gime des obligations simplifi\u00e9es de vigilance n\u2019est pas possible \u00e0 ces clients, zones g\u00e9ographiques, produits, services, transactions ou canaux de distribution particuliers\u00a0\u00bb.<\/p>\n<div class=\"bookmark clearfix alt\"><a href=\"https:\/\/www.cssf.lu\/fr\/Document\/loi-du-12-novembre-2004\/\" target=\"_blank\"><div class=\"box\"><img src=\"https:\/\/vademecumaml.abbl.lu\/wp-content\/themes\/abbl\/images\/luxembourg-flag.svg\"><div class=\"text\"><p>Art. 3-1, para. (5) de la Loi<\/p>\n<p><b><\/b><\/p><\/div><\/div><\/a><\/div>\n<div class=\"box clearfix\"><div class=\"inner\"><\/p>\n<p><i>Ainsi, le professionnel veille \u00e0 ne pas appliquer une vigilance simplifi\u00e9e s\u2019il soup\u00e7onne un blanchiment\/financement de terrorisme, m\u00eame en pr\u00e9sence de facteurs suppos\u00e9s impliquer des risques moins \u00e9lev\u00e9s.<\/i><\/p>\n<p><\/div><\/div>\n<h3><a id=\"section-1.2\" class=\" href-link \" style=\"\"><\/a><\/h3>\n<h3>1.2 Mesures de vigilance<\/h3>\n<p>Selon le GAFI, les institutions financi\u00e8res peuvent \u00eatre autoris\u00e9es \u00e0 appliquer des mesures de vigilance simplifi\u00e9es tenant compte de la nature de risques plus faibles.<\/p>\n<p>Les mesures pr\u00e9conis\u00e9es par le GAFI peuvent ainsi consister \u00e0 v\u00e9rifier l\u2019identit\u00e9 du client\/BE apr\u00e8s l\u2019\u00e9tablissement de la relation d\u2019affaires, r\u00e9duire la fr\u00e9quence des mises \u00e0 jour des \u00e9l\u00e9ments d\u2019identification du client et l\u2019intensit\u00e9 de la vigilance constante ou encore d\u00e9duire l\u2019objet et la nature envisag\u00e9e de la relation d\u2019affaires du type d\u2019op\u00e9ration effectu\u00e9.<\/p>\n<p>\u00ab\u00a0Lorsque les professionnels identifient <b>un risque de blanchiment et de financement du terrorisme moins \u00e9lev\u00e9, ils peuvent appliquer des mesures simplifi\u00e9es<\/b> de vigilance \u00e0 l\u2019\u00e9gard de la client\u00e8le.<\/p>\n<div class=\"bookmark clearfix alt\"><a href=\"https:\/\/www.cssf.lu\/fr\/Document\/loi-du-12-novembre-2004\/\" target=\"_blank\"><div class=\"box\"><img src=\"https:\/\/vademecumaml.abbl.lu\/wp-content\/themes\/abbl\/images\/luxembourg-flag.svg\"><div class=\"text\"><p>Art. 3-1, para. (1) de la Loi<\/p>\n<p><b><\/b><\/p><\/div><\/div><\/a><\/div>\n<p>(2) Avant d&rsquo;appliquer des mesures simplifi\u00e9es de vigilance \u00e0 l&rsquo;\u00e9gard de la client\u00e8le, les professionnels s&rsquo;assurent que la relation d&rsquo;affaires ou la transaction pr\u00e9sente un degr\u00e9 de risque moins \u00e9lev\u00e9.<\/p>\n<h2><a id=\"section-2\" class=\" href-link \" style=\"\"><\/a><\/h2>\n<h2><b>Section 2\u00a0: Suggestions de mesures de vigilance simplifi\u00e9es\u00a0\u00a0<\/b><\/h2>\n<p><strong>Selon le R\u00e8glement CSSF n\u00b012-02\u00a0:<\/strong><\/p>\n<p>Le R\u00e8glement CSSF n\u00b020-05 \u00e9nonce les mesures que le professionnel peut appliquer dans le cadre d\u2019une relation d\u2019affaires pr\u00e9sentant un risque faible justifi\u00e9\u00a0:<\/p>\n<ul>\n<li>Pour les clients soumis \u00e0 un r\u00e9gime d\u2019autorisation\/d\u2019agr\u00e9ment ou d\u2019enregistrement obligatoire \u00e0 des fins de LBC\/FT, v\u00e9rifier que le client est soumis \u00e0 ce r\u00e9gime, par exemple en effectuant une <strong>recherche sur le site officiel du r\u00e9gulateur<\/strong> et en documentant le r\u00e9sultat de la recherche<\/li>\n<li>La pr\u00e9somption qu\u2019un paiement d\u00e9bit\u00e9 d\u2019un compte d\u00e9tenu au nom du client, \u00e0 titre individuel ou joint, aupr\u00e8s d\u2019un \u00e9tablissement de cr\u00e9dit ou d\u2019un \u00e9tablissement financier r\u00e9glement\u00e9 dans un pays de l\u2019espace \u00e9conomique europ\u00e9en ou un pays tiers imposant des obligations LBC\/FT \u00e9quivalentes, remplit les exigences pr\u00e9vues \u00e0 l\u2019article 3 paragraphe 2, alin\u00e9a 1, point a) de la Loi<\/li>\n<\/ul>\n<div class=\"bookmark clearfix alt\"><a href=\"https:\/\/www.cssf.lu\/fr\/Document\/reglement-cssf-n12-02-2\/\" target=\"_blank\"><div class=\"box\"><img src=\"https:\/\/vademecumaml.abbl.lu\/wp-content\/themes\/abbl\/images\/luxembourg-flag.svg\"><div class=\"text\"><p> Art. 26 bis\u00a0 du R\u00e8glement CSSF n\u00b012-02<b><\/b><\/p><\/div><\/div><\/a><\/div>\n<ul>\n<li>L\u2019acceptation exceptionnelle d\u2019<strong>autres formes de pi\u00e8ce d\u2019identit\u00e9 <\/strong>r\u00e9pondant aux crit\u00e8res de sources fiable et ind\u00e9pendante, par exemple une lettre adress\u00e9e au client par un organisme gouvernemental ou autre organe public fiable, lorsque le client est dans l\u2019impossibilit\u00e9 de fournir les justificatifs d\u2019identit\u00e9 habituels, et pour autant qu\u2019il n\u2019y ait pas de motif de suspicion<\/li>\n<li><strong>La mise \u00e0 jour<\/strong> des informations relatives aux mesures de vigilance \u00e0 l\u2019\u00e9gard de la client\u00e8le <strong>uniquement dans le cas de certains \u00e9v\u00e9nements d\u00e9clencheurs<\/strong>, par exemple si le client demande un produit ou service nouveau ou plus risqu\u00e9, ou en cas de changements dans le comportement ou le profil de transaction du client qui semblent indiquer que le risque associ\u00e9 \u00e0 la relation n\u2019est plus faible ;<\/li>\n<li>Pour les personnes pr\u00e9tendant agir pour compte du client et pour les initiateurs, promoteurs qui sont \u00e0 la base du lancement d\u2019un fonds d\u2019investissement, l\u2019obtention de l\u2019information sur le pays de r\u00e9sidence de ces personnes au lieu de demander l\u2019adresse postale compl\u00e8te ;<\/li>\n<li>Pour les personnes pr\u00e9tendant agir pour compte d\u2019un client o\u00f9 le client est un \u00e9tablissement de cr\u00e9dit ou financier r\u00e9gul\u00e9, au lieu de demander l\u2019identification compl\u00e8te de ces personnes, l\u2019obtention d\u2019une<strong> lettre confirmant que l\u2019\u00e9tablissement a appliqu\u00e9 \u00e0 ces personnes des mesures de vigilance<\/strong> et qu\u2019il a effectu\u00e9 un contr\u00f4le r\u00e9gulier de ces personnes par rapport aux listes applicables de mesures restrictives en mati\u00e8re financi\u00e8re.<\/li>\n<\/ul>\n<p><strong>\u00a0<\/strong><strong>Les mesures de vigilance simplifi\u00e9es selon les autorit\u00e9s de surveillance europ\u00e9ennes\u00a0:<\/strong><\/p>\n<p>Les orientations finales sur les facteurs de risque du comit\u00e9 mixte des Autorit\u00e9s europ\u00e9ennes de supervision contiennent aussi des mesures de vigilance simplifi\u00e9es que le professionnel peut appliquer, g\u00e9n\u00e9riques et sp\u00e9cifiques selon les secteurs d\u2019activit\u00e9 concern\u00e9s.<\/p>\n<h3><a id=\"section-2.1\" class=\" href-link \" style=\"\"><\/a><\/h3>\n<h3><b>2.1 Mesures de vigilance simplifi\u00e9es \u00ab\u00a0g\u00e9n\u00e9riques\u00a0\u00bb<\/b><\/h3>\n<p>Les mesures pr\u00f4n\u00e9es par le comit\u00e9 mixte des autorit\u00e9s europ\u00e9ennes concernant la vigilance simplifi\u00e9e reposent sur <b>l\u2019adaptation.<\/b> L\u2019adaptation tant du <b>moment choisi<\/b> pour appliquer les mesures de vigilance que de la <b>quantit\u00e9 d\u2019informations obtenues<\/b> aux fins d\u2019identification ou de leur <b>qualit\u00e9\/source<\/b>, ou encore de la <b>fr\u00e9quence <\/b>du contr\u00f4le des transactions.<\/p>\n<div class=\"bookmark clearfix\"><a href=\"https:\/\/www.eba.europa.eu\/sites\/default\/documents\/files\/document_library\/Publications\/Guidelines\/2021\/963637\/Final%20Report%20on%20Guidelines%20on%20revised%20ML%20TF%20Risk%20Factors.pdf\" target=\"_blank\"><div class=\"box\"><img class=\"injectable\" src=\"https:\/\/vademecumaml.abbl.lu\/wp-content\/themes\/abbl\/images\/bookmark-img1.svg\"><div class=\"text\"><p>Orientations sur les facteurs de risque des autorit\u00e9s europ\u00e9ennes de surveillance(voy. points 4.40 et suivants)<\/p><\/div><\/div><\/a><\/div>\n<p>Le professionnel appliquera \u00e0 discr\u00e9tion les mesures retenues par les orientations selon les cas de figure.<\/p>\n<ul>\n<li><b>Adaptation du moment choisi pour appliquer les mesures de vigilance :<\/b><\/li>\n<\/ul>\n<p>(i) en v\u00e9rifiant l\u2019identit\u00e9 du client ou du BE <b>pendant l\u2019\u00e9tablissement de la relation <\/b>d\u2019affaires; ou<\/p>\n<p>(ii) en v\u00e9rifiant l\u2019identit\u00e9 du client ou du BE <b>d\u00e8s que les transactions d\u00e9passent un seuil d\u00e9termin\u00e9 <\/b>ou d\u00e8s qu\u2019un d\u00e9lai raisonnable s\u2019est \u00e9coul\u00e9.<\/p>\n<p>Le professionnel doit s\u2019assurer:<br \/>\na-\u00a0 \u00a0que cela n\u2019entra\u00eene <b>pas une exemption de facto des mesures de vigilance<\/b> \u00e0 l\u2019\u00e9gard de la client\u00e8le<\/p>\n<p>b-\u00a0 \u00a0que le <b>seuil ou le d\u00e9lai est fix\u00e9 \u00e0 un niveau raisonnablement faible\/court<\/b> (toutefois, en ce qui concerne le financement du terrorisme, les \u00e9tablissements devraient noter qu\u2019un seuil bas pourrait \u00e0 lui seul ne pas \u00eatre suffisant pour r\u00e9duire le risque)<\/p>\n<p>c-\u00a0 \u00a0 qu\u2019ils disposent de <b>syst\u00e8mes<\/b> permettant de d\u00e9tecter quand le seuil ou la date limite est atteinte et<\/p>\n<p>d-\u00a0 \u00a0qu\u2019ils ne reportent pas les mesures de vigilance \u00e0 l\u2019\u00e9gard de la client\u00e8le et ne retardent pas l\u2019obtention d\u2019informations pertinentes concernant le client lorsque la l\u00e9gislation applicable, par exemple le r\u00e8glement (UE) 2015\/847, ou les dispositions du droit national exigent que ces\u00a0 informations soient obtenues d\u00e8s le d\u00e9but.<\/p>\n<ul>\n<li><b>Adaptation de la quantit\u00e9 d\u2019informations\u00a0:\u00a0<\/b><\/li>\n<\/ul>\n<p>(i) en v\u00e9rifiant l\u2019identit\u00e9 sur la base des informations obtenues <b>\u00e0 partir d\u2019un seul document<\/b> ou d\u2019une seule source de donn\u00e9es fiable, cr\u00e9dible et ind\u00e9pendante; ou<\/p>\n<p>(ii) <b>en pr\u00e9sumant la nature et l\u2019objet de la relation d\u2019affaires<\/b> en raison du fait que le produit est con\u00e7u exclusivement pour un usage bien pr\u00e9cis, tel qu\u2019un r\u00e9gime de retraite d\u2019entreprise ou une carte cadeau d\u2019un centre commercial.<\/p>\n<ul>\n<li><b>Adapter la fr\u00e9quence des mises \u00e0 jour<\/b> des mesures de vigilance \u00e0 l\u2019\u00e9gard de la client\u00e8le et des r\u00e9examens de la relation d\u2019affaires, par exemple en les r\u00e9alisant uniquement lors de la survenue d\u2019\u00e9v\u00e9nements d\u00e9clencheurs, notamment lorsque le client souhaite souscrire un nouveau produit ou service ou qu\u2019un certain seuil de transactions est atteint.<\/li>\n<li><b>Adapter la fr\u00e9quence et l\u2019intensit\u00e9 du contr\u00f4le des transactions<\/b>, par exemple en contr\u00f4lant les transactions au-del\u00e0 d\u2019un certain seuil uniquement.<\/li>\n<li><strong>Adapter la qualit\u00e9 ou la source des informations obtenues<\/strong> pour l\u2019identification et la v\u00e9rification de l\u2019identit\u00e9 et la vigilance continue\u00a0:\n<ul>\n<li>En acceptant les informations obtenues du client plut\u00f4t que d&rsquo;une source ind\u00e9pendante lors de la v\u00e9rification de l&rsquo;identit\u00e9 du b\u00e9n\u00e9ficiaire effectif<\/li>\n<li>En se fondant sur l\u2019origine des fonds pour r\u00e9pondre \u00e0 certaines obligations de vigilance, notamment lorsque les fonds proviennent de versements d&rsquo;avantages sociaux ou lorsque les fonds ont \u00e9t\u00e9 transf\u00e9r\u00e9s d&rsquo;un compte au nom du client d\u2019un \u00e9tablissement situ\u00e9 dans l&rsquo;EEE<\/li>\n<\/ul>\n<\/li>\n<\/ul>\n<a id=\"section-2.2\" class=\" href-link \" style=\"\"><\/a>\n<p>&nbsp;<\/p>\n<h3><b>2.2 Mesures de vigilance simplifi\u00e9es par secteur d\u2019activit\u00e9<\/b><\/h3>\n<p>Tout comme pour l\u2019\u00e9valuation des risques par secteurs d\u2019activit\u00e9s, les orientations du comit\u00e9 mixte donnent des indications quant aux mesures de vigilance simplifi\u00e9es \u00e0 appliquer.\u00a0 Quelques exemples sont donn\u00e9s ci-dessous, mais le professionnel est invit\u00e9 <a href=\"https:\/\/www.eba.europa.eu\/sites\/default\/documents\/files\/document_library\/Publications\/Guidelines\/2021\/963637\/Final%20Report%20on%20Guidelines%20on%20revised%20ML%20TF%20Risk%20Factors.pdf\">\u00e0 consulter les orientations<\/a> pour plus de d\u00e9tails.<\/p>\n<ul>\n<li><b>Banque de d\u00e9tail\u00a0:<\/b><\/li>\n<\/ul>\n<div class=\"box clearfix\"><div class=\"inner\"><\/p>\n<ul>\n<li>Clients faisant l\u2019objet d\u2019un r\u00e9gime d\u2019inscription ou d\u2019autorisation obligatoire : v\u00e9rifier l\u2019identit\u00e9 sur la base de preuves attestant que le client est soumis \u00e0 ce r\u00e9gime (recherche dans le registre public du r\u00e9gulateur)<\/li>\n<li>V\u00e9rification de l\u2019identit\u00e9 du client et, le cas \u00e9ch\u00e9ant, du BE pendant l\u2019\u00e9tablissement de la relation d\u2019affaires<\/li>\n<li>\u00a0Acceptation d\u2019autres formes d\u2019identit\u00e9 r\u00e9pondant au crit\u00e8re de source \u201cfiable et ind\u00e9pendante\u201d, par ex. <b>une lettre adress\u00e9e au client par un organisme gouvernemental<\/b> ou autre organe public fiable, lorsque le client n\u2019est pas en mesure, pour des motifs raisonnables av\u00e9r\u00e9s, de fournir les justificatifs d\u2019identit\u00e9 habituels, et pour autant qu\u2019il n\u2019y ait pas de motif de suspicion<\/li>\n<\/ul>\n<p><div class=\"bookmark clearfix\"><a href=\"https:\/\/www.eba.europa.eu\/sites\/default\/documents\/files\/document_library\/Publications\/Guidelines\/2021\/963637\/Final%20Report%20on%20Guidelines%20on%20revised%20ML%20TF%20Risk%20Factors.pdf\" target=\"_blank\"><div class=\"box\"><img class=\"injectable\" src=\"https:\/\/vademecumaml.abbl.lu\/wp-content\/themes\/abbl\/images\/bookmark-img1.svg\"><div class=\"text\"><p>Orientations sur les facteurs de risque des autorit\u00e9s europ\u00e9ennes de surveillance(voy. point 9.15)<\/p><\/div><\/div><\/a><\/div><\/p>\n<p><\/div><\/div>\n<ul>\n<li><b>Gestion patrimoniale\/Banque priv\u00e9e\u00a0:\u00a0<\/b><\/li>\n<\/ul>\n<div class=\"box clearfix\"><div class=\"inner\"><\/p>\n<p>Le Comit\u00e9 mixte des autorit\u00e9s de surveillance europ\u00e9enne estime que <b>les mesures de vigilance simplifi\u00e9es ne sont pas appropri\u00e9es dans le cadre de la gestion de patrimoine<\/b>.N\u00e9anmoins, tout professionnel sera toujours en pr\u00e9sence d\u2019une s\u00e9rie de crit\u00e8res de risque li\u00e9s \u00e0 son client qu\u2019il appr\u00e9ciera au cas par cas dans son activit\u00e9 de banquier priv\u00e9.<\/p>\n<p><div class=\"bookmark clearfix\"><a href=\"https:\/\/www.eba.europa.eu\/sites\/default\/documents\/files\/document_library\/Publications\/Guidelines\/2021\/963637\/Final%20Report%20on%20Guidelines%20on%20revised%20ML%20TF%20Risk%20Factors.pdf\" target=\"_blank\"><div class=\"box\"><img class=\"injectable\" src=\"https:\/\/vademecumaml.abbl.lu\/wp-content\/themes\/abbl\/images\/bookmark-img1.svg\"><div class=\"text\"><p>Orientations sur les facteurs de risque des autorit\u00e9s europ\u00e9ennes de surveillance(voy. point 12)<\/p><\/div><\/div><\/a><\/div><\/p>\n<p><\/div><\/div>\n<ul>\n<li><b>\u00c9mission de monnaie \u00e9lectronique et services de paiement :\u00a0 <\/b><\/li>\n<\/ul>\n<div class=\"box clearfix\"><div class=\"inner\"><\/p>\n<ul>\n<li>Report de la v\u00e9rification de l\u2019identit\u00e9 du client ou du BE \u00e0 une date ult\u00e9rieure \u00e0 l\u2019\u00e9tablissement de la relation ou apr\u00e8s le d\u00e9passement d\u2019un certain seuil mon\u00e9taire (faible)<\/li>\n<li>\u00a0V\u00e9rification de l\u2019identit\u00e9 du client sur la base d\u2019un paiement d\u00e9bit\u00e9 d\u2019un compte d\u00e9tenu au nom du client, \u00e0 titre individuel ou joint, ou sur un compte sur lequel le client exerce un contr\u00f4le av\u00e9r\u00e9 aupr\u00e8s d\u2019un \u00e9tablissement de cr\u00e9dit ou d\u2019un \u00e9tablissement financier r\u00e9glement\u00e9 de l\u2019EEE<\/li>\n<li>V\u00e9rification de l\u2019identit\u00e9 \u00e0 partir d\u2019un moins grand nombre de sources, de sources moins fiables<\/li>\n<li>Pr\u00e9somption de la nature et de l\u2019objet envisag\u00e9 de la relation d\u2019affaires lorsque ceux-ci sont \u00e9vidents, par exemple dans le cas de certaines cartes cadeaux qui ne rel\u00e8vent pas de l\u2019exemption en circuit ferm\u00e9\/r\u00e9seau ferm\u00e9<\/li>\n<li>R\u00e9duction de l\u2019intensit\u00e9 des contr\u00f4les tant qu\u2019un certain seuil mon\u00e9taire n\u2019est pas atteint.<\/li>\n<\/ul>\n<p><div class=\"bookmark clearfix\"><a href=\"https:\/\/www.eba.europa.eu\/sites\/default\/documents\/files\/document_library\/Publications\/Guidelines\/2021\/963637\/Final%20Report%20on%20Guidelines%20on%20revised%20ML%20TF%20Risk%20Factors.pdf\" target=\"_blank\"><div class=\"box\"><img class=\"injectable\" src=\"https:\/\/vademecumaml.abbl.lu\/wp-content\/themes\/abbl\/images\/bookmark-img1.svg\"><div class=\"text\"><p>Orientations sur les facteurs de risque des autorit\u00e9s europ\u00e9ennes de surveillance(voy. point 10.17 et suivants)<\/p><\/div><\/div><\/a><\/div><\/p>\n<p><\/div><\/div>\n<p>&nbsp;<\/p>\n","protected":false},"excerpt":{"rendered":"<p>Section\u00a01 : le risque de blanchiment moins \u00e9lev\u00e9 tel que vis\u00e9 par la Loi\u00a0 \u00ab\u00a0Lorsque les professionnels identifient un risque de blanchiment et de financement du terrorisme moins \u00e9lev\u00e9, ils peuvent appliquer des mesures simplifi\u00e9es de vigilance \u00e0 l\u2019\u00e9gard de la client\u00e8le.\u00bb 1.1 Situation de risque moins \u00e9lev\u00e9 Lorsqu\u2019ils \u00e9valuent les risques de blanchiment et [&hellip;]<\/p>\n","protected":false},"author":1,"featured_media":0,"parent":0,"menu_order":0,"comment_status":"closed","ping_status":"closed","template":"","meta":[],"categories":[10],"acf":[],"_links":{"self":[{"href":"https:\/\/vademecumaml.abbl.lu\/fr\/wp-json\/wp\/v2\/pages\/298"}],"collection":[{"href":"https:\/\/vademecumaml.abbl.lu\/fr\/wp-json\/wp\/v2\/pages"}],"about":[{"href":"https:\/\/vademecumaml.abbl.lu\/fr\/wp-json\/wp\/v2\/types\/page"}],"author":[{"embeddable":true,"href":"https:\/\/vademecumaml.abbl.lu\/fr\/wp-json\/wp\/v2\/users\/1"}],"replies":[{"embeddable":true,"href":"https:\/\/vademecumaml.abbl.lu\/fr\/wp-json\/wp\/v2\/comments?post=298"}],"version-history":[{"count":15,"href":"https:\/\/vademecumaml.abbl.lu\/fr\/wp-json\/wp\/v2\/pages\/298\/revisions"}],"predecessor-version":[{"id":2529,"href":"https:\/\/vademecumaml.abbl.lu\/fr\/wp-json\/wp\/v2\/pages\/298\/revisions\/2529"}],"wp:attachment":[{"href":"https:\/\/vademecumaml.abbl.lu\/fr\/wp-json\/wp\/v2\/media?parent=298"}],"wp:term":[{"taxonomy":"category","embeddable":true,"href":"https:\/\/vademecumaml.abbl.lu\/fr\/wp-json\/wp\/v2\/categories?post=298"}],"curies":[{"name":"wp","href":"https:\/\/api.w.org\/{rel}","templated":true}]}}