{"id":1820,"date":"2019-09-25T06:49:36","date_gmt":"2019-09-25T06:49:36","guid":{"rendered":"https:\/\/vademecumaml.abbl.lu\/documents-identification-verification-of-customers\/"},"modified":"2021-07-16T16:28:28","modified_gmt":"2021-07-16T16:28:28","slug":"documents-identification-verification-des-clients","status":"publish","type":"page","link":"https:\/\/vademecumaml.abbl.lu\/fr\/documents-identification-verification-des-clients\/","title":{"rendered":"Documents \u2013 identification\/v\u00e9rification des clients"},"content":{"rendered":"<p><strong><em>(PARTIE II\u00a0: Identification\/ v\u00e9rification du client personnes physiques\/morales)<\/em><\/strong><\/p>\n<p><strong><u>FORME DOCUMENTAIRE \u2013 documentation\/conservation des documents relatifs aux obligations de vigilance \u00e0 l\u2019\u00e9gard du client (v\u00e9rification) <\/u><\/strong><\/p>\n<p>&nbsp;<\/p>\n<div id=\"tablepress-18-scroll-wrapper\" class=\"tablepress-scroll-wrapper\">\n\n<table id=\"tablepress-18\" class=\"tablepress tablepress-id-18 tablepress-responsive\">\n<tbody>\n<tr class=\"row-1\">\n\t<td class=\"column-1\"><strong>CLIENT\u00a0 personne morale<\/strong><\/td><td class=\"column-2\">Copie<\/td><td class=\"column-3\">Original<\/td><td class=\"column-4\">Intervention\/ validation-certification par un tiers<br \/>\n<br \/>\n(autorit\u00e9s publiques, officiers publics, autres)<\/td>\n<\/tr>\n<tr class=\"row-2\">\n\t<td class=\"column-1\">Pouvoirs de repr\u00e9sentation du<br \/>\n<br \/>\n<strong>MANDATAIRE\u00a0:<\/strong><\/td><td class=\"column-2\"><strong>X<\/strong><br \/>\n<br \/>\n&nbsp;<br \/>\n<br \/>\nD\u00e9l\u00e9gation de pouvoir, statuts de la soci\u00e9t\u00e9 ou de l\u2019association, prospectus du fonds, arr\u00eat\u00e9\/d\u00e9cret de nomination<br \/>\n<br \/>\n<em>\u00a0<\/em><br \/>\n<br \/>\n<em>\u00a0Art. 20 (2) R. n\u00b012-02<\/em><\/td><td class=\"column-3\"><\/td><td class=\"column-4\"><u>Selon \u00e9valuation des risques<\/u> par le professionnel<br \/>\n<br \/>\n&nbsp;<br \/>\n<br \/>\n(intervention : avocat, notaire, communes, administrations\/\u00e9manations de l\u2019\u00c9tat, le cas \u00e9ch\u00e9ant).<\/td>\n<\/tr>\n<tr class=\"row-3\">\n\t<td class=\"column-1\">VERIFICATION de <strong>l\u2019identit\u00e9 de la PM<\/strong><\/td><td class=\"column-2\"><strong>X<\/strong><br \/>\n<br \/>\n&nbsp;<br \/>\n<ul><br \/>\n \t<li>Derniers statuts coordonn\u00e9s, statuts \u00e0 jour (ou document constitutif \u00e9quivalent)<\/li><br \/>\n \t<li>Extrait\/enregistrement du registre des soci\u00e9t\u00e9s (ou document probant \u00e9quivalent )<\/li><br \/>\n \t<li>Pour les associations ou les fondations reconnues d\u2019utilit\u00e9 publique, voy. par ex. les arr\u00eat\u00e9s grand-ducaux, d\u00e9crets, sites associatifs (\u2026)<\/li><br \/>\n<\/ul><br \/>\n<em>Art. 19 (1) R. n\u00b012-02<\/em><\/td><td class=\"column-3\"><\/td><td class=\"column-4\"><strong>X<\/strong><br \/>\n<ul><br \/>\n \t<li>Registre du commerce et des soci\u00e9t\u00e9s\/ registres de commerce nationaux\/ <a href=\"https:\/\/www.ebr.org\/index.php\/information-distributors\/\">registre europ\u00e9en du commerce<\/a><\/li><br \/>\n<\/ul><br \/>\n&nbsp;<br \/>\n<ul><br \/>\n \t<li>Consultation par voie \u00e9lectronique certifi\u00e9e conforme, copies, extraits papiers personne\/entit\u00e9 immatricul\u00e9e<\/li><br \/>\n<\/ul><br \/>\n[actes, statuts, comptes annuels, proc\u00e9dures collectives, jugements \u2026]<br \/>\n<br \/>\n&nbsp;<br \/>\n<ul><br \/>\n \t<li>Attestation de constitution de soci\u00e9t\u00e9\/ certificat de validit\u00e9 juridique de la soci\u00e9t\u00e9<\/li><br \/>\n<\/ul><\/td>\n<\/tr>\n<tr class=\"row-4\">\n\t<td class=\"column-1\">VERIFICATION COMPLEMENTAIRE de <strong>l\u2019identit\u00e9 de la PM<\/strong><br \/>\n<\/td><td class=\"column-2\"><strong>X<\/strong><br \/>\n<br \/>\n<strong>\u00a0<\/strong><br \/>\n<br \/>\n<strong>- <\/strong>V\u00e9rification des d\u2019informations recueillies aupr\u00e8s de sources ind\u00e9pendantes (internet, logiciels, banques de donn\u00e9es publiques et priv\u00e9es)<br \/>\n<br \/>\n<em>\u00a0<\/em><br \/>\n<br \/>\n<em>Art. 19 (2) R. n\u00b012-02<\/em><\/td><td class=\"column-3\"><strong>X<\/strong><br \/>\n<br \/>\n<strong>\u00a0<\/strong><br \/>\n<br \/>\n<strong>- <\/strong>Accus\u00e9s de r\u00e9ception des courriers recommand\u00e9s (contact soci\u00e9t\u00e9s)<br \/>\n<br \/>\n&nbsp;<br \/>\n<br \/>\n<em>Art. 19 (2) R. n\u00b012-02<\/em><\/td><td class=\"column-4\"><strong>X<\/strong><br \/>\n<br \/>\n- Rapport de gestion et derniers comptes, certifi\u00e9s par un r\u00e9viseur d\u2019entreprise agr\u00e9\u00e9 (le cas \u00e9ch\u00e9ant)<br \/>\n<br \/>\n&nbsp;<br \/>\n<br \/>\n- Document attestant que la soci\u00e9t\u00e9 ne fait pas l\u2019objet d\u2019une dissolution\/radiation\/faillite\/liquidation<br \/>\n<br \/>\n&nbsp;<br \/>\n<br \/>\n<em>Art. 19 (2) R. n\u00b012-02<\/em><\/td>\n<\/tr>\n<\/tbody>\n<\/table>\n\n<\/div><!-- #tablepress-18 from cache -->\n<p>&nbsp;<\/p>\n<div id=\"tablepress-19-scroll-wrapper\" class=\"tablepress-scroll-wrapper\">\n\n<table id=\"tablepress-19\" class=\"tablepress tablepress-id-19 tablepress-responsive\">\n<tbody>\n<tr class=\"row-1\">\n\t<td class=\"column-1\"><strong>CLIENT\u00a0 personne morale<\/strong><\/td><td class=\"column-2\">Copie<\/td><td class=\"column-3\">Original<\/td><td class=\"column-4\">Intervention\/ validation-certification par un tiers<br \/>\n<br \/>\n(autorit\u00e9s publiques, officiers publics, autres)<\/td>\n<\/tr>\n<tr class=\"row-2\">\n\t<td class=\"column-1\">Pouvoirs du<br \/>\n<br \/>\n<strong>MANDATAIRE\u00a0:<\/strong><br \/>\n<ul><br \/>\n \t<li>Repr\u00e9sentants l\u00e9gaux des clients incapables\/ mineurs<\/li><br \/>\n<\/ul><\/td><td class=\"column-2\"><strong>X<\/strong><br \/>\n<br \/>\n&nbsp;<br \/>\n<br \/>\nJugements\/ livrets de famille\/ actes de naissance (\u2026)<\/td><td class=\"column-3\"><\/td><td class=\"column-4\"><strong>X<\/strong><br \/>\n<ul><br \/>\n \t<li>Jugement du tribunal comp\u00e9tent en mati\u00e8re de tutelle\/curatelle<\/li><br \/>\n<\/ul><br \/>\n&nbsp;<br \/>\n<ul><br \/>\n \t<li>Tout document justificatif d\u00e9livr\u00e9 par une administration\/autorit\u00e9 publique\/ \u00e9manations de l\u2019\u00c9tat<\/li><br \/>\n<\/ul><\/td>\n<\/tr>\n<tr class=\"row-3\">\n\t<td class=\"column-1\">VERIFICATION de <strong>l\u2019identit\u00e9 du client PP<\/strong><\/td><td class=\"column-2\"><strong>X<\/strong><br \/>\n<br \/>\n<br \/>\n<a href=\"https:\/\/www.consilium.europa.eu\/prado\/fr\/prado-start-page.html\"><strong>Tout document repris par ex. dans le registre (mondial) public en ligne de documents authentiques d\u2019identit\u00e9 et de voyage<\/strong><\/a><br \/>\n<br \/>\n<br \/>\n<em>(site du Conseil europ\u00e9en)<\/em><br \/>\n<br \/>\n<a href=\"https:\/\/www.consilium.europa.eu\/prado\/fr\/prado-start-page.html\">https:\/\/www.consilium.europa.eu\/prado\/fr\/prado-start-page.html<\/a><\/td><td class=\"column-3\"><\/td><td class=\"column-4\"><strong>X<\/strong><br \/>\n<br \/>\n&nbsp;<br \/>\n<ul><br \/>\n \t<li>Document d\u2019identification officiel en cours de validit\u00e9<\/li><br \/>\n<\/ul><br \/>\n(\u00e9manant <u>d\u2019une autorit\u00e9 publique<\/u>)<br \/>\n<br \/>\n&nbsp;<br \/>\n<ul><br \/>\n \t<li>certification d\u2019authenticit\u00e9 op\u00e9r\u00e9e par le professionnel s\u2019il a vu l\u2019original ou par une tierce partie<\/li><br \/>\n<\/ul><br \/>\n&nbsp;<br \/>\n<br \/>\n<em>Art. 18 (1) R. n\u00b012-02<\/em><\/td>\n<\/tr>\n<tr class=\"row-4\">\n\t<td class=\"column-1\">VERIFICATION COMPLEMENTAIRE de <strong>l\u2019identit\u00e9 du client PP <\/strong>et de sa r\u00e9sidence (en cas de doute)<\/td><td class=\"column-2\"><strong>X<\/strong><br \/>\n<br \/>\n&nbsp;<br \/>\n<ul><br \/>\n \t<li>Toute pi\u00e8ce justificative pertinente telle que requise par le professionnel<\/li><br \/>\n<\/ul><\/td><td class=\"column-3\"><strong>X<\/strong><br \/>\n<br \/>\n<strong>\u00a0<\/strong><br \/>\n<ul><br \/>\n \t<li>Accus\u00e9s de r\u00e9ception des courriers recommand\u00e9s (contact clients)<\/li><br \/>\n \t<li><u>Justificatifs du domicile permanent\/r\u00e9sidence<\/u>\u00a0:<\/li><br \/>\n<\/ul><br \/>\n&nbsp;<br \/>\n<br \/>\ndocument type d\u2019assurances,<br \/>\n<br \/>\ntaxes communales\/habitation\/subventions \u00e9tatiques-allocations diverses<br \/>\n<br \/>\navis d\u2019imposition\/ bulletin de salaire\/ pension\/ cr\u00e9dit d\u2019imp\u00f4t\/<br \/>\n<br \/>\nPreuve du statut fiscal d\u00e9rogatoire <em>(RND, \u00ab\u00a0au forfait\u00a0\u00bb), <\/em>num\u00e9ro d\u2019identification fiscal, auto-certification<br \/>\n<br \/>\nabonnement internet- t\u00e9l\u00e9phonie mobile<br \/>\n<br \/>\nconvocation administrative\/ mise en demeure (\u2026)<\/td><td class=\"column-4\"><\/td>\n<\/tr>\n<\/tbody>\n<\/table>\n\n<\/div><!-- #tablepress-19 from cache -->\n<p><strong><em>\u00a0(PARTIE II\u00a0: Identification\/ v\u00e9rification du client personne physique)<\/em><\/strong><\/p>\n<p><strong>BASES DE DONNEES DOCUMENTAIRES POUR EXERCER\u00a0 LES MESURES DE VIGILANCE A L\u2019EGARD DE LA CLIENTELE\u00a0:<\/strong><\/p>\n<ul>\n<li><strong>Le Minist\u00e8re Luxembourgeois des affaires \u00e9trang\u00e8res et europ\u00e9ennes<\/strong> renseigne de mani\u00e8re exhaustive la liste des documents de voyage approuv\u00e9e par la Commission Europ\u00e9enne et reconnus par les \u00c9tats membres de Schengen et qui contient les:<\/li>\n<\/ul>\n<ol>\n<li><a href=\"https:\/\/ec.europa.eu\/home-affairs\/sites\/homeaffairs\/files\/what-we-do\/policies\/borders-and-visas\/document-security\/docs\/part_i_travel_documents_issued_by_third_countries_and_territorial_entities_en.xlsx\">Documents de voyage d\u00e9livr\u00e9s par des pays tiers et des entit\u00e9s territoriales (Partie I)<\/a><\/li>\n<\/ol>\n<p>Le lien ci-dessus indique surtout les documents officiels d\u2019identit\u00e9 (personnes physiques) autoris\u00e9s dans les \u00c9tats tiers.<\/p>\n<ul>\n<li>Le \u00ab PRADO \u00bb : registre (mondial) public en ligne de documents authentiques d\u2019identit\u00e9 et de voyage du Conseil europ\u00e9en recense et permet de chercher des documents par pays de d\u00e9livrance ou par titre de document.<\/li>\n<\/ul>\n<p>Cet outil est tr\u00e8s complet et peut s\u2019av\u00e9rer tr\u00e8s utile pour \u00e9valuer l\u2019authenticit\u00e9 de documents d\u2019identit\u00e9 pour les pays tiers. Il comprend les r\u00e9f\u00e9rences et photos n\u00e9cessaires \u00e0 une \u00e9valuation pratique dans le chef du professionnel\u00a0:<\/p>\n<p><a href=\"http:\/\/www.consilium.europa.eu\/prado\/fr\/prado-documents\/ARE\/B\/O\/docs-per-type.html\">http:\/\/www.consilium.europa.eu\/prado\/fr\/prado-documents\/ARE\/B\/O\/docs-per-type.html<\/a><\/p>\n<p>(voir aussi la version anglaise)<\/p>\n<p><strong>L\u2019arr\u00eat\u00e9 fran\u00e7ais du<\/strong> <strong>16 avril 2014 fixant la liste des pi\u00e8ces justificatives pour l&rsquo;exercice du droit au compte<\/strong> aupr\u00e8s de la Banque de France (JORF n\u00b00106 du 7 mai 2014 page 7762) fournit une liste substantielle de pi\u00e8ces justificatives d\u2019identit\u00e9\/ de domicile pour exercer le droit, tant pour les personnes physiques que pour les personnes morales.<\/p>\n<p>Le professionnel s\u2019y r\u00e9f\u00e9rera utilement pour alimenter sa liste de pi\u00e8ces justificatives\u00a0:<\/p>\n<p><a href=\"https:\/\/www.legifrance.gouv.fr\/affichTexte.do?cidTexte=JORFTEXT000028905503&amp;categorieLien=id\">https:\/\/www.legifrance.gouv.fr\/affichTexte.do?cidTexte=JORFTEXT000028905503&amp;categorieLien=id<\/a><\/p>\n<ul>\n<li>La doctrine luxembourgeoise propose notamment des \u00e9l\u00e9ments d\u2019identification et de v\u00e9rification de l\u2019identit\u00e9 des clients personnes physiques et personnes morales<\/li>\n<\/ul>\n<p>Voir\u00a0\u00ab\u00a0Check List des documents d\u2019identification et de v\u00e9rification\u00a0\u00bb, <em>La lutte contre le blanchiment d\u2019argent de Thierry POULIQUEN , \u00e9ditions Promoculture Larcier (p.399)<\/em><\/p>\n<p><strong>Le \u00ab\u00a0joint money laundering steering group \u00bb <\/strong>britannique a \u00e9mis des orientations LBC\/FT dont une partie r\u00e9f\u00e8re aux documents permettant de v\u00e9rifier l\u2019identit\u00e9 des clients personnes physiques.<\/p>\n<p>Voy. <a href=\"http:\/\/www.jmlsg.org.uk\/\">http:\/\/www.jmlsg.org.uk\/<\/a> , points 5.3.73 et suivants du premier guide.<\/p>\n<p>Il est tr\u00e8s clairement pr\u00e9cis\u00e9 que ceux-ci peuvent\u00a0 \u00e9maner soit\u00a0:<\/p>\n<p><strong>(i)<\/strong> d\u2019un document officiel \u00e9mis par l\u2019administration de l\u2019Etat (\u00ab\u00a0<em>government issued document\u00a0<\/em>\u00bb) incluant soit les <strong>nom\/pr\u00e9nom(s) de l\u2019individu accompagn\u00e9 de sa photo ET\u00a0<\/strong>:<\/p>\n<p>&#8211; l\u2019adresse o\u00f9 il r\u00e9side <strong>ou <\/strong><\/p>\n<p>&#8211; sa date de naissance.<\/p>\n<p>Par ex.\u00a0: passeport en cours de validit\u00e9, permis de conduire en cours de validit\u00e9, carte nationale d\u2019identit\u00e9, permis de port d\u2019arme, carte d\u2019\u00e9lecteur<\/p>\n<p><strong>(ii) <\/strong>d\u2019un document d\u2019Etat (\u00ab\u00a0<em>Government issued\u00a0<\/em>\u00bb), d\u2019un tribunal ou d\u2019une autorit\u00e9 locale (impliquant <strong>l\u2019absence d\u2019une photo d\u2019identit\u00e9<\/strong> incluant les nom\/pr\u00e9noms du client,<\/p>\n<ul>\n<li><strong>compl\u00e9t\u00e9 par un second document\u00a0<\/strong>\u00e9mis par une administration de l\u2019Etat, une autorit\u00e9 judiciaire, une entit\u00e9\/autorit\u00e9 publique, une compagnie du service public, une entit\u00e9 r\u00e9gul\u00e9 par l\u2019autorit\u00e9 de supervision du secteur bancaire\/financier <strong>incluant\u00a0:<\/strong><\/li>\n<\/ul>\n<p>&#8211; l\u2019adresse o\u00f9 le client r\u00e9side <strong>ou <\/strong><\/p>\n<p>&#8211; sa date de naissance.<\/p>\n<p><strong>Par ex: <\/strong>permis de conduire en cours de validit\u00e9, document\/certificat administratif attestant de l\u2019octroi d\u2019une aide (logement\/ cr\u00e9dit d\u2019imp\u00f4t\/pension \u2013retraite\/ bourse (\u2026), convocations\/significations\/mises en demeure,\u00a0 documents de type taxe d\u2019habitation etc\u2026<\/p>\n","protected":false},"excerpt":{"rendered":"<p>(PARTIE II\u00a0: Identification\/ v\u00e9rification du client personnes physiques\/morales) FORME DOCUMENTAIRE \u2013 documentation\/conservation des documents relatifs aux obligations de vigilance \u00e0 l\u2019\u00e9gard du client (v\u00e9rification) &nbsp; &nbsp; \u00a0(PARTIE II\u00a0: Identification\/ v\u00e9rification du client personne physique) BASES DE DONNEES DOCUMENTAIRES POUR EXERCER\u00a0 LES MESURES DE VIGILANCE A L\u2019EGARD DE LA CLIENTELE\u00a0: Le Minist\u00e8re Luxembourgeois des affaires \u00e9trang\u00e8res [&hellip;]<\/p>\n","protected":false},"author":1,"featured_media":0,"parent":0,"menu_order":0,"comment_status":"closed","ping_status":"closed","template":"","meta":[],"categories":[],"acf":[],"_links":{"self":[{"href":"https:\/\/vademecumaml.abbl.lu\/fr\/wp-json\/wp\/v2\/pages\/1820"}],"collection":[{"href":"https:\/\/vademecumaml.abbl.lu\/fr\/wp-json\/wp\/v2\/pages"}],"about":[{"href":"https:\/\/vademecumaml.abbl.lu\/fr\/wp-json\/wp\/v2\/types\/page"}],"author":[{"embeddable":true,"href":"https:\/\/vademecumaml.abbl.lu\/fr\/wp-json\/wp\/v2\/users\/1"}],"replies":[{"embeddable":true,"href":"https:\/\/vademecumaml.abbl.lu\/fr\/wp-json\/wp\/v2\/comments?post=1820"}],"version-history":[{"count":7,"href":"https:\/\/vademecumaml.abbl.lu\/fr\/wp-json\/wp\/v2\/pages\/1820\/revisions"}],"predecessor-version":[{"id":2221,"href":"https:\/\/vademecumaml.abbl.lu\/fr\/wp-json\/wp\/v2\/pages\/1820\/revisions\/2221"}],"wp:attachment":[{"href":"https:\/\/vademecumaml.abbl.lu\/fr\/wp-json\/wp\/v2\/media?parent=1820"}],"wp:term":[{"taxonomy":"category","embeddable":true,"href":"https:\/\/vademecumaml.abbl.lu\/fr\/wp-json\/wp\/v2\/categories?post=1820"}],"curies":[{"name":"wp","href":"https:\/\/api.w.org\/{rel}","templated":true}]}}