{"id":1580,"date":"2019-09-30T08:37:07","date_gmt":"2019-09-30T08:37:07","guid":{"rendered":"https:\/\/vademecumaml.abbl.lu\/?page_id=1580"},"modified":"2021-02-18T08:59:11","modified_gmt":"2021-02-18T08:59:11","slug":"preambule","status":"publish","type":"page","link":"https:\/\/vademecumaml.abbl.lu\/fr\/preambule\/","title":{"rendered":"PREAMBULE"},"content":{"rendered":"<h1>Introduction<\/h1>\n<p>Le pr\u00e9sent document s\u2019inscrit dans le cadre du plan d\u2019action de l\u2019ABBL contre le blanchiment dont l\u2019objet est d\u2019amener ses membres \u00e0 un niveau d\u2019exigence exemplaire en mati\u00e8re de lutte contre le blanchiment d\u2019argent et le financement du terrorisme tout en contribuant \u00e0 la r\u00e9putation de la place financi\u00e8re.<\/p>\n<p><em><strong>Pour les besoins du pr\u00e9sent document, les termes \u00ab\u00a0lutte contre le blanchiment d\u2019argent\u00a0\u00bb couvriront tant la lutte contre le blanchiment proprement dit que la lutte contre le financement du terrorisme et de la prolif\u00e9ration illicite des armes de destruction massive, en abr\u00e9g\u00e9 LBC\/FT .<\/strong><\/em><\/p>\n<p>En effet, la participation efficace des \u00e9tablissements de cr\u00e9dit et autres professionnels du secteur financier de la lutte contre le blanchiment d\u2019argent pr\u00e9suppose une bonne connaissance du dispositif l\u00e9gislatif et r\u00e9glementaire.<\/p>\n<p>L\u2019objet de ce document consiste \u00e0 les assister dans la mise en \u0153uvre efficace de leurs obligations, conform\u00e9ment aux dispositions l\u00e9gales et r\u00e9glementaires applicables en la mati\u00e8re, et \u00e0 apporter quelques pr\u00e9cisions quant \u00e0 la mise en pratique de la l\u00e9gislation. L\u2019ABBL ne vise ni \u00e0 imposer de nouvelles obligations professionnelles aux \u00e9tablissements de cr\u00e9dit et autres professionnels du secteur financier, ni \u00e0 interpr\u00e9ter la r\u00e8gle de droit.<\/p>\n<p>La pr\u00e9vention de l\u2019utilisation des circuits financiers \u00e0 des fins de blanchiment de capitaux est une priorit\u00e9 et les acteurs de la place financi\u00e8re coop\u00e8rent en vue de l\u2019application des mesures adopt\u00e9es tant au niveau national qu\u2019international. Il importe ce faisant, dans l\u2019application de ces r\u00e8gles, de veiller \u00e0 ce que cette action s\u2019inscrive dans un juste \u00e9quilibre entre, d\u2019une part, l\u2019extr\u00eame vigilance \u00e0 l\u2019\u00e9gard des op\u00e9rations bancaires et financi\u00e8res qui pourraient s\u2019av\u00e9rer suspectes et, d\u2019autre part, le respect de la vie priv\u00e9e. Le risque d\u2019\u00eatre utilis\u00e9 \u00e0 des fins de blanchiment ne doit pas \u00eatre sous-estim\u00e9, mais il ne doit pas non plus \u00eatre surestim\u00e9. Une approche cibl\u00e9e quant au risque r\u00e9el doit \u00eatre adopt\u00e9e par chaque professionnel du secteur financier. Celle-ci doit reposer sur une bonne connaissance de son niveau de risque et une adaptation de ses proc\u00e9dures internes \u00e0 celui-ci.<\/p>\n<p>La loi modifi\u00e9e du 5 avril 1993 relative au secteur financier ainsi que la loi modifi\u00e9e du 12 novembre 2004 relative \u00e0 la lutte contre le blanchiment et le financement du terrorisme (\u00ab la Loi \u00bb) imposent des exigences strictes en mati\u00e8re de lutte contre le blanchiment d\u2019argent entre autres aux \u00e9tablissements de cr\u00e9dit et autres professionnels du secteur financier (PSF). Pour les besoins du pr\u00e9sent document, le terme \u00ab professionnel \u00bb d\u00e9signera indiff\u00e9remment les \u00e9tablissements de cr\u00e9dit et autres professionnels du secteur financier.<\/p>\n<p>En vertu de l\u2019article 39 de la loi du 5 avril 1993 relative au secteur financier, tel que modifi\u00e9 notamment par la loi du 13 f\u00e9vrier 2018, les professionnels sont soumis, en mati\u00e8re de lutte contre le blanchiment d\u2019argent, essentiellement \u00e0 trois cat\u00e9gories d\u2019obligations professionnelles, soit les obligations de vigilance \u00e0 l\u2019\u00e9gard de la client\u00e8le, d\u2019organisation interne ad\u00e9quate et de coop\u00e9ration avec les autorit\u00e9s.<\/p>\n<p>La premi\u00e8re partie de ce document s\u2019attachera \u00e0 examiner certains aspects particuliers relatifs aux infractions primaires de blanchiment et au champ d\u2019application mat\u00e9riel et personnel des obligations professionnelles. La seconde partie sera consacr\u00e9e au contenu des obligations professionnelles, ainsi qu\u2019aux meilleures pratiques identifi\u00e9es permettant de guider les professionnels dans la mise en \u0153uvre de la r\u00e8glementation.<\/p>\n<p>\u00c9tant entendu que <a href=\"https:\/\/www.fatf-gafi.org\/fr\/publications\/recommandationsgafi\/?hf=10&amp;b=0&amp;s=desc(fatf_releasedate)\" target=\"_blank\" rel=\"noopener noreferrer\">les recommandations du Groupe d\u2019Action Financi\u00e8re (\u00ab\u00a0GAFI<\/a>\u00a0\u00bb) constituent le standard international relatif \u00e0 la lutte contre le blanchiment d\u2019argent et le financement du terrorisme, un tableau de correspondance des \u00e9quivalences entre celles-ci et la structure du pr\u00e9sent Vade-Mecum figure dans l\u2019<a href=\"https:\/\/vademecumaml.abbl.lu\/correlation-table-fatf-recommendations\/\" target=\"_blank\" rel=\"noopener noreferrer\">annexe I infra<\/a>.<\/p>\n<p>Le pr\u00e9sent Vade-Mecum n\u2019a pas vocation \u00e0 fournir des conseils juridiques et n\u2019a aucune valeur normative. L&rsquo;objectif de cette publication est notamment de faciliter la lecture du cadre l\u00e9gal de la LBC\/FT sur la base des interpr\u00e9tations, de la compr\u00e9hension et des hypoth\u00e8ses accept\u00e9es par les acteurs financiers.<\/p>\n<p>Bien que tous les efforts n\u00e9cessaires aient \u00e9t\u00e9 d\u00e9ploy\u00e9s afin de garantir que les informations ici contenues soient pertinentes et actuelles \u00e0 la date de publication, elles ne sont pas exhaustives.<\/p>\n<p>Ainsi, le contenu de ce document est susceptible de changer en fonction des lois et r\u00e8glements et, le cas \u00e9ch\u00e9ant, des mises \u00e0 jour et \u00e9claircissements qui seront apport\u00e9s par la CSSF. Ce faisant, le Vade-Mecum pourra \u00eatre mis \u00e0 jour et compl\u00e9t\u00e9 \u00e0 l&rsquo;avenir.<\/p>\n<h1>Utilisation du document<\/h1>\n<div class=\"bookmark clearfix alt\"><a href=\"https:\/\/vademecumaml.abbl.lu\/wp-content\/uploads\/2019\/10\/AML-Handbook-user-guide.pdf\" target=\"_blank\"><div class=\"box\"><img src=\"https:\/\/vademecumaml.abbl.lu\/wp-content\/uploads\/2019\/10\/logo-bookmark.svg\"><div class=\"text\"><p> Guide d&rsquo;utilisateur<\/p><\/div><\/div><\/a><\/div>\n","protected":false},"excerpt":{"rendered":"<p>Introduction Le pr\u00e9sent document s\u2019inscrit dans le cadre du plan d\u2019action de l\u2019ABBL contre le blanchiment dont l\u2019objet est d\u2019amener ses membres \u00e0 un niveau d\u2019exigence exemplaire en mati\u00e8re de lutte contre le blanchiment d\u2019argent et le financement du terrorisme tout en contribuant \u00e0 la r\u00e9putation de la place financi\u00e8re. Pour les besoins du pr\u00e9sent [&hellip;]<\/p>\n","protected":false},"author":1,"featured_media":0,"parent":0,"menu_order":0,"comment_status":"closed","ping_status":"closed","template":"","meta":[],"categories":[],"acf":[],"_links":{"self":[{"href":"https:\/\/vademecumaml.abbl.lu\/fr\/wp-json\/wp\/v2\/pages\/1580"}],"collection":[{"href":"https:\/\/vademecumaml.abbl.lu\/fr\/wp-json\/wp\/v2\/pages"}],"about":[{"href":"https:\/\/vademecumaml.abbl.lu\/fr\/wp-json\/wp\/v2\/types\/page"}],"author":[{"embeddable":true,"href":"https:\/\/vademecumaml.abbl.lu\/fr\/wp-json\/wp\/v2\/users\/1"}],"replies":[{"embeddable":true,"href":"https:\/\/vademecumaml.abbl.lu\/fr\/wp-json\/wp\/v2\/comments?post=1580"}],"version-history":[{"count":8,"href":"https:\/\/vademecumaml.abbl.lu\/fr\/wp-json\/wp\/v2\/pages\/1580\/revisions"}],"predecessor-version":[{"id":2290,"href":"https:\/\/vademecumaml.abbl.lu\/fr\/wp-json\/wp\/v2\/pages\/1580\/revisions\/2290"}],"wp:attachment":[{"href":"https:\/\/vademecumaml.abbl.lu\/fr\/wp-json\/wp\/v2\/media?parent=1580"}],"wp:term":[{"taxonomy":"category","embeddable":true,"href":"https:\/\/vademecumaml.abbl.lu\/fr\/wp-json\/wp\/v2\/categories?post=1580"}],"curies":[{"name":"wp","href":"https:\/\/api.w.org\/{rel}","templated":true}]}}